{"id":9,"date":"2018-11-14T16:06:54","date_gmt":"2018-11-14T22:06:54","guid":{"rendered":"https:\/\/baldemar.mx\/blog\/?page_id=9"},"modified":"2019-12-13T22:15:57","modified_gmt":"2019-12-14T04:15:57","slug":"acerca-de","status":"publish","type":"page","link":"https:\/\/baldemar.mx\/blog\/acerca-de\/","title":{"rendered":""},"content":{"rendered":"\n<p class=\"has-drop-cap\">Desde aquellos ayeres de 1998 empec\u00e9 la aventura de escribir un blog. Aventura porque, como toda aventura, tienes un plan y tratas de seguirlo pero los imprevistos te llevan a replantear el tema.<\/p>\n\n\n\n<p>\u00c9ste ser\u00e1 el 5\u00ba o 6\u00ba intento de realizar un blog. Posiblemente sea el definitivo. Honestamente las anteriores ocasiones siempre tuve la intenci\u00f3n de escribir sobre diversas cosas como religi\u00f3n, mis hobbies, compartirles fotos de mis hobbies y mis reflexiones sobre los temas sociales y pol\u00edticos en los que vivo y en los que meto mi cuchara por alguna extra\u00f1a raz\u00f3n donde creo que tengo un buen punto de vista que se debe considerar.<\/p>\n\n\n\n<p>Tambi\u00e9n quisiera escribir sobre mi trabajo, pero me pregunto si ser\u00e1 lo ideal ya que quisiera olvidarme del tema cuando vengo a este lugar. Quiz\u00e1 les comparta links de Medium, el lugar d\u00f3nde he escrito algunas entradas a ra\u00edz de temas de trabajo, que aunque no son t\u00e9cnicos tienen su trasfondo en la oficina. Mhe&#8230; ya ver\u00e9.<\/p>\n\n\n\n<p>Oigan, hace 20 a\u00f1os empec\u00e9 con esto ?<\/p>\n\n\n\n<p>Mientras tanto, esta es la aventura N de mantener un blog y a ver c\u00f3mo nos va: a ustedes que lean esto y quieran volver, y a m\u00ed que siempre termino olvid\u00e1ndome del tema por perezoso.<\/p>\n","protected":false},"excerpt":{"rendered":"<p>Desde aquellos ayeres de 1998 empec\u00e9 la aventura de escribir un blog. Aventura porque, como toda aventura, tienes un plan y tratas de seguirlo pero los imprevistos te llevan a replantear el tema. \u00c9ste ser\u00e1 el 5\u00ba o 6\u00ba intento de realizar un blog. Posiblemente sea el definitivo. Honestamente las anteriores ocasiones siempre tuve la [&hellip;]<\/p>\n","protected":false},"author":1,"featured_media":51,"parent":0,"menu_order":0,"comment_status":"closed","ping_status":"closed","template":"","meta":{"jetpack_post_was_ever_published":false,"footnotes":""},"class_list":["post-9","page","type-page","status-publish","has-post-thumbnail","hentry","has-thumbnail"],"jetpack_sharing_enabled":true,"jetpack_shortlink":"https:\/\/wp.me\/Pat2F1-9","_links":{"self":[{"href":"https:\/\/baldemar.mx\/blog\/wp-json\/wp\/v2\/pages\/9","targetHints":{"allow":["GET"]}}],"collection":[{"href":"https:\/\/baldemar.mx\/blog\/wp-json\/wp\/v2\/pages"}],"about":[{"href":"https:\/\/baldemar.mx\/blog\/wp-json\/wp\/v2\/types\/page"}],"author":[{"embeddable":true,"href":"https:\/\/baldemar.mx\/blog\/wp-json\/wp\/v2\/users\/1"}],"replies":[{"embeddable":true,"href":"https:\/\/baldemar.mx\/blog\/wp-json\/wp\/v2\/comments?post=9"}],"version-history":[{"count":2,"href":"https:\/\/baldemar.mx\/blog\/wp-json\/wp\/v2\/pages\/9\/revisions"}],"predecessor-version":[{"id":53,"href":"https:\/\/baldemar.mx\/blog\/wp-json\/wp\/v2\/pages\/9\/revisions\/53"}],"wp:featuredmedia":[{"embeddable":true,"href":"https:\/\/baldemar.mx\/blog\/wp-json\/wp\/v2\/media\/51"}],"wp:attachment":[{"href":"https:\/\/baldemar.mx\/blog\/wp-json\/wp\/v2\/media?parent=9"}],"curies":[{"name":"wp","href":"https:\/\/api.w.org\/{rel}","templated":true}]}}